{"id":4441,"date":"2020-05-25T11:36:08","date_gmt":"2020-05-25T09:36:08","guid":{"rendered":"https:\/\/via-momentum.com\/?page_id=4441"},"modified":"2020-05-25T11:36:08","modified_gmt":"2020-05-25T09:36:08","slug":"ludger-wiedemeier","status":"publish","type":"page","link":"https:\/\/via-momentum.com\/en\/partner\/ludger-wiedemeier\/","title":{"rendered":"Ludger Wiedemeier"},"content":{"rendered":"<p><div class=\"fusion-fullwidth fullwidth-box fusion-builder-row-1 nonhundred-percent-fullwidth non-hundred-percent-height-scrolling fusion-equal-height-columns\" style=\"--awb-background-position:left top;--awb-border-radius-top-left:0px;--awb-border-radius-top-right:0px;--awb-border-radius-bottom-right:0px;--awb-border-radius-bottom-left:0px;--awb-padding-top:30px;--awb-padding-bottom:30px;--awb-margin-top:0px;--awb-margin-bottom:0px;--awb-background-color:#ffffff;--awb-border-sizes-top:0px;--awb-border-sizes-bottom:0px;--awb-flex-wrap:wrap;\" ><div class=\"fusion-builder-row fusion-row\"><div class=\"fusion-layout-column fusion_builder_column fusion-builder-column-0 fusion_builder_column_1_1 1_1 fusion-one-full fusion-column-first fusion-column-last fusion-column-no-min-height\" style=\"--awb-bg-size:cover;\"><div class=\"fusion-column-wrapper fusion-flex-column-wrapper-legacy\"><div class=\"fusion-title title fusion-title-1 fusion-sep-none fusion-title-center fusion-title-text fusion-title-size-two\"><h2 class=\"fusion-title-heading title-heading-center fusion-responsive-typography-calculated\" style=\"margin:0;--fontSize:24;line-height:1.3;\"><h2 style=\"text-align: left;\">Interim IT-Allrounder, IT-Projektleiter und branchen\u00fcbergreifender Krisenmanager<\/h2><\/h2><\/div><div class=\"fusion-clearfix\"><\/div><\/div><\/div><div class=\"fusion-layout-column fusion_builder_column fusion-builder-column-1 fusion_builder_column_1_1 1_1 fusion-one-full fusion-column-first fusion-column-last\" style=\"--awb-bg-size:cover;\"><div class=\"fusion-column-wrapper fusion-flex-column-wrapper-legacy\"><div class=\"fusion-text fusion-text-1\"><p>Ludger Wiedemeier ist IT-Allrounder, der als Interim Manager oder IT-Projektleiter insbesondere <strong>in kritischen Unternehmenssituationen<\/strong> zum Einsatz kommt. In seinen Mandaten geht es darum, gravierende Probleme in der IT zu beheben, die unter Umst\u00e4nden Sch\u00e4den in Millionenh\u00f6he verursachen k\u00f6nnen. Der <strong>branchen\u00fcbergreifend t\u00e4tige Krisenmanager<\/strong> \u00fcbernimmt hier die Verantwortung f\u00fcr Kosten und Budget. Die Projektleitung \u00fcbernimmt er in mittelst\u00e4ndischen Unternehmen und internationalen Konzernen insbesondere dann, wenn es um die Themen <strong>IT-Infrastruktur, IT-Sicherheit und IT-Governance<\/strong> geht.<\/p>\n<p>Sein Credo: IT verantwortlich nutzen, Risiken absch\u00e4tzen, sichere Schnittstellen schaffen und IT-Anwendungen so gestalten, dass sie beherrschbar bleiben &#8211; und dann den erwarteten Nutzen bringen!<\/p>\n<\/div><div class=\"fusion-clearfix\"><\/div><\/div><\/div><\/div><\/div><div class=\"fusion-fullwidth fullwidth-box fusion-builder-row-2 nonhundred-percent-fullwidth non-hundred-percent-height-scrolling\" style=\"--awb-border-radius-top-left:0px;--awb-border-radius-top-right:0px;--awb-border-radius-bottom-right:0px;--awb-border-radius-bottom-left:0px;--awb-padding-top:0px;--awb-padding-right:0px;--awb-padding-bottom:0px;--awb-padding-left:0px;--awb-margin-top:0px;--awb-margin-bottom:0px;--awb-flex-wrap:wrap;\" ><div class=\"fusion-builder-row fusion-row\"><div class=\"fusion-layout-column fusion_builder_column fusion-builder-column-2 fusion_builder_column_1_1 1_1 fusion-one-full fusion-column-first fusion-column-last\" style=\"--awb-bg-size:cover;--awb-margin-bottom:0px;\"><div class=\"fusion-column-wrapper fusion-flex-column-wrapper-legacy\"><div class=\"fusion-section-separator section-separator triangle fusion-section-separator-1\" style=\"--awb-border-bottom:1px solid #f6f6f6;--awb-spacer-height:1px;--awb-svg-margin-left:0;--awb-svg-margin-right:0;--awb-icon-color:#4b75ac;\"><div class=\"fusion-section-separator-svg\"><div class=\"divider-candy-arrow bottom\" style=\"top:0px;border-top-color: #ffffff;\"><\/div><div class=\"divider-candy bottom\" style=\"bottom:-21px;border-bottom:1px solid #f6f6f6;border-left:1px solid #f6f6f6;\"><\/div><\/div><div class=\"fusion-section-separator-spacer\"><div class=\"fusion-section-separator-spacer-height\"><\/div><\/div><\/div><div class=\"fusion-clearfix\"><\/div><\/div><\/div><\/div><\/div><div class=\"fusion-fullwidth fullwidth-box fusion-builder-row-3 nonhundred-percent-fullwidth non-hundred-percent-height-scrolling\" style=\"--awb-background-position:left center;--awb-border-radius-top-left:0px;--awb-border-radius-top-right:0px;--awb-border-radius-bottom-right:0px;--awb-border-radius-bottom-left:0px;--awb-padding-top:70px;--awb-padding-bottom:70px;--awb-margin-top:0px;--awb-margin-bottom:0px;--awb-background-color:rgba(70,84,101,0.1);--awb-border-sizes-top:0px;--awb-border-sizes-bottom:0px;--awb-flex-wrap:wrap;\" ><div class=\"fusion-builder-row fusion-row\"><div class=\"fusion-layout-column fusion_builder_column fusion-builder-column-3 fusion_builder_column_1_2 1_2 fusion-one-half fusion-column-first\" style=\"--awb-padding-bottom:20px;--awb-bg-size:cover;--awb-margin-bottom:0px;width:50%;width:calc(50% - ( ( 4% ) * 0.5 ) );margin-right: 4%;\"><div class=\"fusion-column-wrapper fusion-flex-column-wrapper-legacy\"><div class=\"fusion-text fusion-text-2\"><p><strong>Expertise<\/strong><\/p>\n<\/div><ul style=\"--awb-size:16px;--awb-line-height:27.2px;--awb-icon-width:27.2px;--awb-icon-height:27.2px;--awb-icon-margin:11.2px;--awb-content-margin:38.4px;\" class=\"fusion-checklist fusion-checklist-1 fusion-checklist-default type-icons\"><li class=\"fusion-li-item\" style=\"\"><span class=\"icon-wrapper circle-no\"><i class=\"fusion-li-icon fa-check fas\" aria-hidden=\"true\"><\/i><\/span><div class=\"fusion-li-item-content\">Erfolgreiche Durchf\u00fchrung der Turnaround-Prozesse im Kontext von Wechseln des IT-Dienstleisters<\/div><\/li><li class=\"fusion-li-item\" style=\"\"><span class=\"icon-wrapper circle-no\"><i class=\"fusion-li-icon fa-check fas\" aria-hidden=\"true\"><\/i><\/span><div class=\"fusion-li-item-content\">Entwicklung und Implementierung von neuen digitalisierten Gesch\u00e4ftsmodellen und Aufbau der daf\u00fcr erforderlichen Grundlagen<\/div><\/li><li class=\"fusion-li-item\" style=\"\"><span class=\"icon-wrapper circle-no\"><i class=\"fusion-li-icon fa-check fas\" aria-hidden=\"true\"><\/i><\/span><div class=\"fusion-li-item-content\">Entwicklung und Projektierung von IT-Infrastrukturen zur nachhaltigen Steigerung der Ertragsf\u00e4higkeit und den Anforderungen der Digitalisierung<\/div><\/li><li class=\"fusion-li-item\" style=\"\"><span class=\"icon-wrapper circle-no\"><i class=\"fusion-li-icon fa-check fas\" aria-hidden=\"true\"><\/i><\/span><div class=\"fusion-li-item-content\">Erstellung von Restrukturierungs- und Aufbaukonzepten f\u00fcr Supportabteilungen nach Carve Outs und Carve Ins sowie \u00dcbernahme von Vakanzen beim Neuaufbau von IT-Abteilungen<\/div><\/li><li class=\"fusion-li-item\" style=\"\"><span class=\"icon-wrapper circle-no\"><i class=\"fusion-li-icon fa-check fas\" aria-hidden=\"true\"><\/i><\/span><div class=\"fusion-li-item-content\">Liquidit\u00e4tsplanung und Steuerung von IT-Projekten f\u00fcr Unternehmen in Krisensituationen sowie in Wachstumsphasen<\/div><\/li><li class=\"fusion-li-item\" style=\"\"><span class=\"icon-wrapper circle-no\"><i class=\"fusion-li-icon fa-check fas\" aria-hidden=\"true\"><\/i><\/span><div class=\"fusion-li-item-content\">Erf\u00fcllung der Anforderungen aus dem IT-Sicherheitsgesetz und dem Gesetz zu Kritischen Infrastrukturen<\/div><\/li><li class=\"fusion-li-item\" style=\"\"><span class=\"icon-wrapper circle-no\"><i class=\"fusion-li-icon fa-check fas\" aria-hidden=\"true\"><\/i><\/span><div class=\"fusion-li-item-content\">Begleitung von Unternehmenstransaktionen auf K\u00e4ufer- und Verk\u00e4uferseite in allen Stufen des M&amp;A-Prozesses, einschlie\u00dflich der Post Merger Integration zur Sicherherstellung der Betriebsprozesse<\/div><\/li><li class=\"fusion-li-item\" style=\"\"><span class=\"icon-wrapper circle-no\"><i class=\"fusion-li-icon fa-check fas\" aria-hidden=\"true\"><\/i><\/span><div class=\"fusion-li-item-content\">Einkaufsmanagement im Kontext der Konsolidierungsstrategien der IT-Hardwarelieferanten, insbesondere bei Lieferschwierigkeiten auf Lieferantenseite<\/div><\/li><li class=\"fusion-li-item\" style=\"\"><span class=\"icon-wrapper circle-no\"><i class=\"fusion-li-icon fa-check fas\" aria-hidden=\"true\"><\/i><\/span><div class=\"fusion-li-item-content\">Cyber Security und Abwehr von z.B. Ransomware und Malware sowie Leitung von Krisenst\u00e4ben<\/div><\/li><\/ul><div class=\"fusion-clearfix\"><\/div><\/div><\/div><div class=\"fusion-layout-column fusion_builder_column fusion-builder-column-4 fusion_builder_column_1_2 1_2 fusion-one-half fusion-column-last\" style=\"--awb-padding-top:30px;--awb-padding-right:30px;--awb-padding-bottom:30px;--awb-padding-left:30px;--awb-bg-color:#ffffff;--awb-bg-color-hover:#ffffff;--awb-bg-size:cover;--awb-border-color:#f08b33;--awb-border-left:6px;--awb-border-style:solid;width:50%;width:calc(50% - ( ( 4% ) * 0.5 ) );\"><div class=\"fusion-column-wrapper fusion-flex-column-wrapper-legacy\"><div class=\"fusion-text fusion-text-3\"><h2>Erfahrungen<\/h2>\n<\/div><div class=\"fusion-text fusion-text-4\"><p><strong>Branchen:<\/strong><br \/>\nAutomotive, Financial Services, Versicherungen, Energie Versorger, Ern\u00e4hrung, Chemische Industrie, Telekommunikation, IT Dienstleister, Verlagswesen<\/p>\n<p><strong>Funktionsbereiche:<\/strong><br \/>\nProjektleitung, Service Management, Leitung IT Infrastruktur, Interim Management, Cyber Security, Programm Manager, Service Manager, Business Prozess Manager<\/p>\n<p><strong>Positionen:<\/strong><br \/>\nLeitung IT \u2013 Infrastruktur, Risiko Manager MOR, Projektleitung nach Prince 2, Business Prozess Manager, Service Manager<\/p>\n<p><strong>Aufgaben:<\/strong><br \/>\nGeneral Management, Restrukturierung und Sanierung, Merger &amp; Acquisition, Post Merger Integration, In und Out Sourcing, Digitalisierung, IOT, Industrie 4.0<\/p>\n<p><strong>Unternehmenstypen:<\/strong><br \/>\nMultinationale Unternehmen, Private Equity Portfoliounternehmen, mittelst\u00e4ndische Unternehmen<\/p>\n<p><strong>Fremdsprachen:<\/strong><br \/>\nDeutsch: Muttersprache, Englisch: verhandlungssicher<\/p>\n<\/div><div class=\"fusion-clearfix\"><\/div><\/div><\/div><\/div><\/div><div id=\"referenzen\" class=\"fusion-container-anchor\"><div class=\"fusion-fullwidth fullwidth-box fusion-builder-row-4 nonhundred-percent-fullwidth non-hundred-percent-height-scrolling\" style=\"--awb-background-position:left center;--awb-border-radius-top-left:0px;--awb-border-radius-top-right:0px;--awb-border-radius-bottom-right:0px;--awb-border-radius-bottom-left:0px;--awb-padding-top:70px;--awb-padding-bottom:70px;--awb-margin-top:0px;--awb-margin-bottom:0px;--awb-background-color:#ffffff;--awb-border-sizes-top:0px;--awb-border-sizes-bottom:0px;--awb-flex-wrap:wrap;\" ><div class=\"fusion-builder-row fusion-row\"><div class=\"fusion-layout-column fusion_builder_column fusion-builder-column-5 fusion_builder_column_1_1 1_1 fusion-one-full fusion-column-first fusion-column-last\" style=\"--awb-bg-size:cover;\"><div class=\"fusion-column-wrapper fusion-flex-column-wrapper-legacy\"><div class=\"fusion-text fusion-text-5\"><h2 style=\"text-align: left;\">Referenzen<\/h2>\n<\/div><div class=\"fusion-clearfix\"><\/div><\/div><\/div><div class=\"fusion-layout-column fusion_builder_column fusion-builder-column-6 fusion_builder_column_1_1 1_1 fusion-one-full fusion-column-first fusion-column-last\" style=\"--awb-bg-size:cover;\"><div class=\"fusion-column-wrapper fusion-flex-column-wrapper-legacy\"><div class=\"fusion-clearfix\"><\/div><\/div><\/div><\/div><\/div><\/div><div class=\"fusion-fullwidth fullwidth-box fusion-builder-row-5 nonhundred-percent-fullwidth non-hundred-percent-height-scrolling fusion-equal-height-columns\" style=\"--awb-background-position:left center;--awb-border-radius-top-left:0px;--awb-border-radius-top-right:0px;--awb-border-radius-bottom-right:0px;--awb-border-radius-bottom-left:0px;--awb-padding-top:70px;--awb-padding-bottom:70px;--awb-margin-top:0px;--awb-margin-bottom:0px;--awb-background-color:rgba(70,84,101,0.1);--awb-border-sizes-top:0px;--awb-border-sizes-bottom:0px;--awb-flex-wrap:wrap;\" ><div class=\"fusion-builder-row fusion-row\"><div class=\"fusion-layout-column fusion_builder_column fusion-builder-column-7 fusion_builder_column_2_3 2_3 fusion-two-third fusion-column-first\" style=\"--awb-padding-top:20px;--awb-padding-right:20px;--awb-padding-bottom:20px;--awb-padding-left:20px;--awb-bg-color:#ffffff;--awb-bg-color-hover:#ffffff;--awb-bg-size:cover;--awb-border-color:#f08b33;--awb-border-left:6px;--awb-border-style:solid;--awb-margin-bottom:0px;width:66.666666666667%;width:calc(66.666666666667% - ( ( 4% ) * 0.66666666666667 ) );margin-right: 4%;\"><div class=\"fusion-column-wrapper fusion-flex-column-wrapper-legacy\"><div class=\"fusion-column-content-centered\"><div class=\"fusion-column-content\"><div class=\"fusion-text fusion-text-6\"><p><strong>Kontakt:<\/strong><\/p>\n<p><strong>Ludger Wiedemeier<br \/>\n<\/strong>Stoppelbergstr. 35, 32839 Steinheim<br \/>\nDeutschland<\/p>\n<p>ludger . wiedemeier (at) via &#8211; momentum . com<\/p>\n<p><strong>Profile im Netz:<\/strong><\/p>\n<p><a href=\"https:\/\/www.xing.com\/profile\/Ludger_Wiedemeier\/cv\" target=\"_blank\" rel=\"noopener noreferrer\"><img decoding=\"async\" class=\"alignnone wp-image-2189 size-full\" src=\"https:\/\/via-momentum.com\/wp-content\/uploads\/2018\/02\/xing.jpg\" alt=\"\" width=\"46\" height=\"49\" \/><\/a> <a href=\"https:\/\/www.linkedin.com\/in\/Ludger-Wiedemeier-21823a11\/\" target=\"_blank\" rel=\"noopener noreferrer\"><img decoding=\"async\" class=\"alignnone wp-image-2188 size-full\" src=\"http:\/\/via-momentum.com\/wp-content\/uploads\/2018\/02\/linkedin.jpg\" alt=\"\" width=\"46\" height=\"49\" \/><\/a><\/p>\n<\/div><\/div><\/div><div class=\"fusion-clearfix\"><\/div><\/div><\/div><div class=\"fusion-layout-column fusion_builder_column fusion-builder-column-8 fusion_builder_column_1_3 1_3 fusion-one-third fusion-column-last\" style=\"--awb-bg-size:cover;--awb-border-color:#f08b33;--awb-border-style:solid;--awb-margin-bottom:0px;width:33.333333333333%;width:calc(33.333333333333% - ( ( 4% ) * 0.33333333333333 ) );\"><div class=\"fusion-column-wrapper fusion-flex-column-wrapper-legacy\"><div class=\"fusion-column-content-centered\"><div class=\"fusion-column-content\"><div class=\"fusion-image-element fusion-image-align-left in-legacy-container\" style=\"text-align:left;--awb-caption-title-font-family:var(--h2_typography-font-family);--awb-caption-title-font-weight:var(--h2_typography-font-weight);--awb-caption-title-font-style:var(--h2_typography-font-style);--awb-caption-title-size:var(--h2_typography-font-size);--awb-caption-title-transform:var(--h2_typography-text-transform);--awb-caption-title-line-height:var(--h2_typography-line-height);--awb-caption-title-letter-spacing:var(--h2_typography-letter-spacing);\"><span class=\" fusion-imageframe imageframe-none imageframe-1 hover-type-none\" style=\"margin-right:25px;float:left;\"><img decoding=\"async\" width=\"560\" height=\"600\" title=\"Via-Momentum-Ludger-Wiedermeier-Kontakt\" src=\"https:\/\/via-momentum.com\/wp-content\/uploads\/2020\/01\/Via-Momentum-Ludger-Wiedermeier-Kontakt-1.jpg\" alt class=\"img-responsive wp-image-4041\" srcset=\"https:\/\/via-momentum.com\/wp-content\/uploads\/2020\/01\/Via-Momentum-Ludger-Wiedermeier-Kontakt-1-200x214.jpg 200w, https:\/\/via-momentum.com\/wp-content\/uploads\/2020\/01\/Via-Momentum-Ludger-Wiedermeier-Kontakt-1-400x429.jpg 400w, https:\/\/via-momentum.com\/wp-content\/uploads\/2020\/01\/Via-Momentum-Ludger-Wiedermeier-Kontakt-1.jpg 560w\" sizes=\"(max-width: 1000px) 100vw, 560px\" \/><\/span><\/div><\/div><\/div><div class=\"fusion-clearfix\"><\/div><\/div><\/div><\/div><\/div><\/p>\n","protected":false},"excerpt":{"rendered":"","protected":false},"author":4,"featured_media":0,"parent":3386,"menu_order":0,"comment_status":"closed","ping_status":"closed","template":"100-width.php","meta":{"footnotes":""},"class_list":["post-4441","page","type-page","status-publish","hentry"],"aioseo_notices":[],"_links":{"self":[{"href":"https:\/\/via-momentum.com\/en\/wp-json\/wp\/v2\/pages\/4441"}],"collection":[{"href":"https:\/\/via-momentum.com\/en\/wp-json\/wp\/v2\/pages"}],"about":[{"href":"https:\/\/via-momentum.com\/en\/wp-json\/wp\/v2\/types\/page"}],"author":[{"embeddable":true,"href":"https:\/\/via-momentum.com\/en\/wp-json\/wp\/v2\/users\/4"}],"replies":[{"embeddable":true,"href":"https:\/\/via-momentum.com\/en\/wp-json\/wp\/v2\/comments?post=4441"}],"version-history":[{"count":3,"href":"https:\/\/via-momentum.com\/en\/wp-json\/wp\/v2\/pages\/4441\/revisions"}],"predecessor-version":[{"id":4766,"href":"https:\/\/via-momentum.com\/en\/wp-json\/wp\/v2\/pages\/4441\/revisions\/4766"}],"up":[{"embeddable":true,"href":"https:\/\/via-momentum.com\/en\/wp-json\/wp\/v2\/pages\/3386"}],"wp:attachment":[{"href":"https:\/\/via-momentum.com\/en\/wp-json\/wp\/v2\/media?parent=4441"}],"curies":[{"name":"wp","href":"https:\/\/api.w.org\/{rel}","templated":true}]}}